{"id":1134,"date":"2015-03-03T23:38:36","date_gmt":"2015-03-03T23:38:36","guid":{"rendered":"http:\/\/www.cdiluzdovegetal.com.br\/?page_id=1134"},"modified":"2022-05-21T17:56:50","modified_gmt":"2022-05-21T17:56:50","slug":"localizacao","status":"publish","type":"page","link":"https:\/\/www.cdiluzdovegetal.com.br\/?page_id=1134","title":{"rendered":"LOCALIZA\u00c7AO"},"content":{"rendered":"<div class=\"clearboth\">Para chegar o nosso s\u00edtio, siga o mapa abaixo ou digite &#8220;luz do vegetal&#8221; no Waze ou Google Maps.<\/div>\n<div><\/div>\n<p><a href=\"https:\/\/www.cdiluzdovegetal.com.br\/wp-content\/uploads\/2011\/07\/mapa-sitio-novo.jpg\"><img loading=\"lazy\" decoding=\"async\" class=\"wp-image-1128 aligncenter\" src=\"https:\/\/www.cdiluzdovegetal.com.br\/wp-content\/uploads\/2011\/07\/mapa-sitio-novo-728x1024.jpg\" alt=\"mapa sitio novo\" width=\"412\" height=\"579\" srcset=\"https:\/\/www.cdiluzdovegetal.com.br\/wp-content\/uploads\/2011\/07\/mapa-sitio-novo-728x1024.jpg 728w, https:\/\/www.cdiluzdovegetal.com.br\/wp-content\/uploads\/2011\/07\/mapa-sitio-novo-213x300.jpg 213w, https:\/\/www.cdiluzdovegetal.com.br\/wp-content\/uploads\/2011\/07\/mapa-sitio-novo.jpg 801w\" sizes=\"auto, (max-width: 412px) 100vw, 412px\" \/><\/a><\/p>\n<p>1 &#8211;\u00a0Fazer o retorno no Km 44 da rodovia Castelo Branco<br \/>\n2 &#8211; Sair da rodovia no Castelinho da Pamonha<br \/>\n3 &#8211; Na rotat\u00f3ria, pegar \u00e0 segunda direita.<br \/>\n4 &#8211; Entrar \u00e0 esquerda no final da Av. Angola.<br \/>\n5- Virar \u00e0 direita ap\u00f3s o pesqueiro<br \/>\n6 &#8211; Subir uma ladeira longa at\u00e9 o final do asfalto.<br \/>\n7 &#8211; Virar \u00e0 direita. Em 100 mts ver\u00e1 o S\u00edtio \u00e0 sua esquerda.<\/p>\n<p>Coordenadas do local:<\/p>\n<h1 style=\"text-align: center;\">S 23\u00ba30.174&#8242;\u00a0 \u00a0 \u00a0W 47\u00ba00.281&#8242;<\/h1>\n","protected":false},"excerpt":{"rendered":"<p>Para chegar o nosso s\u00edtio, siga o mapa abaixo ou digite &#8220;luz do vegetal&#8221; no Waze ou Google Maps. 1 &#8211;\u00a0Fazer o [&hellip;]<\/p>\n","protected":false},"author":1,"featured_media":0,"parent":0,"menu_order":0,"comment_status":"open","ping_status":"closed","template":"page-templates\/page_fullwidth.php","meta":{"footnotes":""},"class_list":["post-1134","page","type-page","status-publish","hentry"],"_links":{"self":[{"href":"https:\/\/www.cdiluzdovegetal.com.br\/index.php?rest_route=\/wp\/v2\/pages\/1134","targetHints":{"allow":["GET"]}}],"collection":[{"href":"https:\/\/www.cdiluzdovegetal.com.br\/index.php?rest_route=\/wp\/v2\/pages"}],"about":[{"href":"https:\/\/www.cdiluzdovegetal.com.br\/index.php?rest_route=\/wp\/v2\/types\/page"}],"author":[{"embeddable":true,"href":"https:\/\/www.cdiluzdovegetal.com.br\/index.php?rest_route=\/wp\/v2\/users\/1"}],"replies":[{"embeddable":true,"href":"https:\/\/www.cdiluzdovegetal.com.br\/index.php?rest_route=%2Fwp%2Fv2%2Fcomments&post=1134"}],"version-history":[{"count":19,"href":"https:\/\/www.cdiluzdovegetal.com.br\/index.php?rest_route=\/wp\/v2\/pages\/1134\/revisions"}],"predecessor-version":[{"id":1731,"href":"https:\/\/www.cdiluzdovegetal.com.br\/index.php?rest_route=\/wp\/v2\/pages\/1134\/revisions\/1731"}],"wp:attachment":[{"href":"https:\/\/www.cdiluzdovegetal.com.br\/index.php?rest_route=%2Fwp%2Fv2%2Fmedia&parent=1134"}],"curies":[{"name":"wp","href":"https:\/\/api.w.org\/{rel}","templated":true}]}}