{"id":198,"date":"2011-08-23T02:12:52","date_gmt":"2011-08-23T02:12:52","guid":{"rendered":"http:\/\/www.agenciaterra.com\/clientes\/ldv\/?page_id=198"},"modified":"2022-05-21T18:03:21","modified_gmt":"2022-05-21T18:03:21","slug":"mestre-dirigente","status":"publish","type":"page","link":"https:\/\/www.cdiluzdovegetal.com.br\/?page_id=198","title":{"rendered":"Mestre Dirigente Geral"},"content":{"rendered":"<h3>Marco Aguillera<\/h3>\n<p>(Gest\u00e3o de 2022 a 2024)<\/p>\n<p style=\"text-align: justify;\"><a href=\"https:\/\/www.cdiluzdovegetal.com.br\/wp-content\/uploads\/2011\/08\/1455192_3582522898855_393382102_n2-e1524138365870.jpg\"><img loading=\"lazy\" decoding=\"async\" class=\"size-medium wp-image-1167 alignleft\" src=\"https:\/\/www.cdiluzdovegetal.com.br\/wp-content\/uploads\/2011\/08\/1455192_3582522898855_393382102_n2-e1524138365870-300x246.jpg\" alt=\"\" width=\"300\" height=\"246\" srcset=\"https:\/\/www.cdiluzdovegetal.com.br\/wp-content\/uploads\/2011\/08\/1455192_3582522898855_393382102_n2-e1524138365870-300x246.jpg 300w, https:\/\/www.cdiluzdovegetal.com.br\/wp-content\/uploads\/2011\/08\/1455192_3582522898855_393382102_n2-e1524138365870-768x629.jpg 768w, https:\/\/www.cdiluzdovegetal.com.br\/wp-content\/uploads\/2011\/08\/1455192_3582522898855_393382102_n2-e1524138365870-230x188.jpg 230w, https:\/\/www.cdiluzdovegetal.com.br\/wp-content\/uploads\/2011\/08\/1455192_3582522898855_393382102_n2-e1524138365870-350x286.jpg 350w, https:\/\/www.cdiluzdovegetal.com.br\/wp-content\/uploads\/2011\/08\/1455192_3582522898855_393382102_n2-e1524138365870-480x393.jpg 480w, https:\/\/www.cdiluzdovegetal.com.br\/wp-content\/uploads\/2011\/08\/1455192_3582522898855_393382102_n2-e1524138365870.jpg 777w\" sizes=\"auto, (max-width: 300px) 100vw, 300px\" \/><\/a><\/p>\n<p style=\"text-align: justify;\">\u00c9 o respons\u00e1vel por toda a dire\u00e7\u00e3o do CDI, procurando direcionar a irmandade no caminho da evolu\u00e7\u00e3o espiritual do autoconhecimento, zelando pelo desenvolvimento integrado de todos os irm\u00e3os.<\/p>\n","protected":false},"excerpt":{"rendered":"<p>Marco Aguillera (Gest\u00e3o de 2022 a 2024) \u00c9 o respons\u00e1vel por toda a dire\u00e7\u00e3o do CDI, procurando direcionar a irmandade no caminho [&hellip;]<\/p>\n","protected":false},"author":1,"featured_media":0,"parent":0,"menu_order":0,"comment_status":"open","ping_status":"open","template":"page-templates\/page_fullwidth.php","meta":{"footnotes":""},"class_list":["post-198","page","type-page","status-publish","hentry"],"_links":{"self":[{"href":"https:\/\/www.cdiluzdovegetal.com.br\/index.php?rest_route=\/wp\/v2\/pages\/198","targetHints":{"allow":["GET"]}}],"collection":[{"href":"https:\/\/www.cdiluzdovegetal.com.br\/index.php?rest_route=\/wp\/v2\/pages"}],"about":[{"href":"https:\/\/www.cdiluzdovegetal.com.br\/index.php?rest_route=\/wp\/v2\/types\/page"}],"author":[{"embeddable":true,"href":"https:\/\/www.cdiluzdovegetal.com.br\/index.php?rest_route=\/wp\/v2\/users\/1"}],"replies":[{"embeddable":true,"href":"https:\/\/www.cdiluzdovegetal.com.br\/index.php?rest_route=%2Fwp%2Fv2%2Fcomments&post=198"}],"version-history":[{"count":10,"href":"https:\/\/www.cdiluzdovegetal.com.br\/index.php?rest_route=\/wp\/v2\/pages\/198\/revisions"}],"predecessor-version":[{"id":1733,"href":"https:\/\/www.cdiluzdovegetal.com.br\/index.php?rest_route=\/wp\/v2\/pages\/198\/revisions\/1733"}],"wp:attachment":[{"href":"https:\/\/www.cdiluzdovegetal.com.br\/index.php?rest_route=%2Fwp%2Fv2%2Fmedia&parent=198"}],"curies":[{"name":"wp","href":"https:\/\/api.w.org\/{rel}","templated":true}]}}