{"id":209,"date":"2011-08-23T14:57:12","date_gmt":"2011-08-23T14:57:12","guid":{"rendered":"http:\/\/www.agenciaterra.com\/clientes\/ldv\/?page_id=209"},"modified":"2025-03-04T11:53:22","modified_gmt":"2025-03-04T11:53:22","slug":"corpo-instrutivo","status":"publish","type":"page","link":"https:\/\/www.cdiluzdovegetal.com.br\/?page_id=209","title":{"rendered":"Corpo Instrutivo"},"content":{"rendered":"<p><em>\u00c9 um grupo de pessoas escolhidas, a crit\u00e9rio da Mestre Dirigente, para seguir o caminho preparat\u00f3rio para Mestre Representante. Atualmente, composto por:<\/em><\/p>\n<ol>\n<li>Angelina Trevisan Salciotto<\/li>\n<li>Ant\u00f4nio Paulo Bozoli<\/li>\n<li>Cl\u00e9cia Cassiana Ferreira Lima<\/li>\n<li>Cristina Jimenes Cleto<\/li>\n<li>Diego Bechara<\/li>\n<li>Felipe Guerra<\/li>\n<li>Floriswaldo Vicente dos Santos Filho<\/li>\n<li>Francisco de Assis Gomes da Silva<\/li>\n<li>Guilherme de Camargo Barros<\/li>\n<li>Hermano Teixeira<\/li>\n<li>Ivana Tavares Scotelari de Souza<\/li>\n<li>Jana\u00edna Piacentini<\/li>\n<li>Kenia Piacentini<\/li>\n<li>Larissa de Oliveira Maidana<\/li>\n<li>Leandro Miceli<\/li>\n<li>Leonardo Rodrigues<\/li>\n<li>Lidiana Almeida<\/li>\n<li>Lindoval Calixto da Silva Neto<\/li>\n<li>Luma Pereira<\/li>\n<li>Madson Sim\u00f5es de Oliveira<\/li>\n<li>M\u00e1rcio Feliciano<\/li>\n<li>Marco Antonio Aguillera<\/li>\n<li>Maria Cristina Desid\u00e9rio<\/li>\n<li>Maria Regina de Oliveira<\/li>\n<li>Mariana Desid\u00e9rio Barbosa<\/li>\n<li>Miguel Tadeu Vicentim<\/li>\n<li>Oslair Oliveira Silva<\/li>\n<li>Patr\u00edcia Zerino Aguillera<\/li>\n<li>Rafael Arag\u00e3o<\/li>\n<li>Raul Gomes Figueiredo<\/li>\n<li>Renata de Almeida Longo<\/li>\n<li>Rodrigo da Silva Santos<\/li>\n<li>Rosangela Vieira dos Santos<\/li>\n<li>Ruy Luis de Andrade Cleto<\/li>\n<li>Sara Maria de Souza Gon\u00e7alves<\/li>\n<li>S\u00e9rgio Fl\u00e1vio Barbosa<\/li>\n<li>S\u00e9rgio Longo J\u00fanio<\/li>\n<li>S\u00e9rgio Ricardo Francisco Ferreira<\/li>\n<li>Silvana Aparecida Miranda<\/li>\n<li>Zelinda Paschoalick<\/li>\n<\/ol>\n","protected":false},"excerpt":{"rendered":"<p>\u00c9 um grupo de pessoas escolhidas, a crit\u00e9rio da Mestre Dirigente, para seguir o caminho preparat\u00f3rio para Mestre Representante. Atualmente, composto por: [&hellip;]<\/p>\n","protected":false},"author":1,"featured_media":0,"parent":196,"menu_order":0,"comment_status":"open","ping_status":"open","template":"","meta":{"footnotes":""},"class_list":["post-209","page","type-page","status-publish","hentry"],"_links":{"self":[{"href":"https:\/\/www.cdiluzdovegetal.com.br\/index.php?rest_route=\/wp\/v2\/pages\/209","targetHints":{"allow":["GET"]}}],"collection":[{"href":"https:\/\/www.cdiluzdovegetal.com.br\/index.php?rest_route=\/wp\/v2\/pages"}],"about":[{"href":"https:\/\/www.cdiluzdovegetal.com.br\/index.php?rest_route=\/wp\/v2\/types\/page"}],"author":[{"embeddable":true,"href":"https:\/\/www.cdiluzdovegetal.com.br\/index.php?rest_route=\/wp\/v2\/users\/1"}],"replies":[{"embeddable":true,"href":"https:\/\/www.cdiluzdovegetal.com.br\/index.php?rest_route=%2Fwp%2Fv2%2Fcomments&post=209"}],"version-history":[{"count":30,"href":"https:\/\/www.cdiluzdovegetal.com.br\/index.php?rest_route=\/wp\/v2\/pages\/209\/revisions"}],"predecessor-version":[{"id":1930,"href":"https:\/\/www.cdiluzdovegetal.com.br\/index.php?rest_route=\/wp\/v2\/pages\/209\/revisions\/1930"}],"up":[{"embeddable":true,"href":"https:\/\/www.cdiluzdovegetal.com.br\/index.php?rest_route=\/wp\/v2\/pages\/196"}],"wp:attachment":[{"href":"https:\/\/www.cdiluzdovegetal.com.br\/index.php?rest_route=%2Fwp%2Fv2%2Fmedia&parent=209"}],"curies":[{"name":"wp","href":"https:\/\/api.w.org\/{rel}","templated":true}]}}