{"id":49,"date":"2011-07-09T19:18:46","date_gmt":"2011-07-09T19:18:46","guid":{"rendered":"http:\/\/www.agenciaterra.com\/clientes\/ldv\/?page_id=49"},"modified":"2024-05-15T20:55:59","modified_gmt":"2024-05-15T20:55:59","slug":"dados-cientificos","status":"publish","type":"page","link":"https:\/\/www.cdiluzdovegetal.com.br\/?page_id=49","title":{"rendered":"VEGETAL"},"content":{"rendered":"<h2>Farmacologia<\/h2>\n<p>O Ch\u00e1, denominado Vegetal, \u00e9 obtido pelo cozimento (decoc\u00e7\u00e3o), em \u00e1gua pura e limpa de duas plantas: o caule macerado de um cip\u00f3 denominado Mariri (Banisteriopsis Caapi) e as folhas limpas de um arbusto denominado Chacrona (Psycotria Viridis).<\/p>\n<p style=\"text-align: justify;\">As principais subst\u00e2ncias psicoativas encontradas nessas plantas s\u00e3o: Harmina, a Harmalina e a Tetra-hidro-harmalina e N,N Dimetiltriptamina.<\/p>\n<p style=\"text-align: justify;\">As subst\u00e2ncias encontradas no Vegetal agem principalmente na amplia\u00e7\u00e3o dos receptores de serotonina, um neurotransmissor respons\u00e1vel pela conex\u00e3o, ou seja, pela comunica\u00e7\u00e3o entre os neur\u00f4nios.<\/p>\n<p style=\"text-align: justify;\">Os efeitos t\u00eam car\u00e1ter agudo e prolongado caracterizado por um estado alterado de consci\u00eancia, agu\u00e7ando a percep\u00e7\u00e3o de si pr\u00f3prio e dos outros, estimulando a mem\u00f3ria, provocando bem-estar, amorosidade, entre outros benef\u00edcios.<\/p>\n<h2 style=\"text-align: justify;\">Sociologia<\/h2>\n<p>Este Ch\u00e1 vem sendo utilizado h\u00e1 muitos s\u00e9culos por muitas tribos e comunidades amaz\u00f4nicas, em regi\u00e3o brasileira e nos outros pa\u00edses que compartilham a floresta amaz\u00f4nica.<\/p>\n<p style=\"text-align: justify;\">O seu uso por esses povos, tradicionalmente, est\u00e1 vinculado a rituais religiosos e a partir dos anos 70 e 80 vem sendo disseminado nas demais regi\u00f5es do pa\u00eds e at\u00e9 mesmo nos Estados Unidos e Europa, com muito bons resultados no desenvolvimento mental, social, intelectual e afetivo.<\/p>\n<h2 style=\"text-align: justify;\">Espiritual<\/h2>\n<p>Os efeitos do ritual e seu direcionamento t\u00eam trazido a conscientiza\u00e7\u00e3o ao ser humano de sua natureza essencialmente espiritual, possibilitando experi\u00eancias intensas e plenamente conscientes relacionadas a uma maior compreens\u00e3o de quem realmente somos.<\/p>\n","protected":false},"excerpt":{"rendered":"<p>Farmacologia O Ch\u00e1, denominado Vegetal, \u00e9 obtido pelo cozimento (decoc\u00e7\u00e3o), em \u00e1gua pura e limpa de duas plantas: o caule macerado de [&hellip;]<\/p>\n","protected":false},"author":1,"featured_media":0,"parent":40,"menu_order":0,"comment_status":"open","ping_status":"open","template":"","meta":{"footnotes":""},"class_list":["post-49","page","type-page","status-publish","hentry"],"_links":{"self":[{"href":"https:\/\/www.cdiluzdovegetal.com.br\/index.php?rest_route=\/wp\/v2\/pages\/49","targetHints":{"allow":["GET"]}}],"collection":[{"href":"https:\/\/www.cdiluzdovegetal.com.br\/index.php?rest_route=\/wp\/v2\/pages"}],"about":[{"href":"https:\/\/www.cdiluzdovegetal.com.br\/index.php?rest_route=\/wp\/v2\/types\/page"}],"author":[{"embeddable":true,"href":"https:\/\/www.cdiluzdovegetal.com.br\/index.php?rest_route=\/wp\/v2\/users\/1"}],"replies":[{"embeddable":true,"href":"https:\/\/www.cdiluzdovegetal.com.br\/index.php?rest_route=%2Fwp%2Fv2%2Fcomments&post=49"}],"version-history":[{"count":3,"href":"https:\/\/www.cdiluzdovegetal.com.br\/index.php?rest_route=\/wp\/v2\/pages\/49\/revisions"}],"predecessor-version":[{"id":1895,"href":"https:\/\/www.cdiluzdovegetal.com.br\/index.php?rest_route=\/wp\/v2\/pages\/49\/revisions\/1895"}],"up":[{"embeddable":true,"href":"https:\/\/www.cdiluzdovegetal.com.br\/index.php?rest_route=\/wp\/v2\/pages\/40"}],"wp:attachment":[{"href":"https:\/\/www.cdiluzdovegetal.com.br\/index.php?rest_route=%2Fwp%2Fv2%2Fmedia&parent=49"}],"curies":[{"name":"wp","href":"https:\/\/api.w.org\/{rel}","templated":true}]}}