{"id":55,"date":"2011-07-09T20:25:29","date_gmt":"2011-07-09T20:25:29","guid":{"rendered":"http:\/\/www.agenciaterra.com\/clientes\/ldv\/?page_id=55"},"modified":"2023-10-30T17:36:16","modified_gmt":"2023-10-30T17:36:16","slug":"historia","status":"publish","type":"page","link":"https:\/\/www.cdiluzdovegetal.com.br\/?page_id=55","title":{"rendered":"Hist\u00f3ria"},"content":{"rendered":"<p style=\"text-align: justify;\">\u00a0\u00a0<a href=\"https:\/\/www.cdiluzdovegetal.com.br\/wp-content\/uploads\/2022\/05\/primordios.jpeg\"><img loading=\"lazy\" decoding=\"async\" class=\"wp-image-1659 alignleft\" src=\"https:\/\/www.cdiluzdovegetal.com.br\/wp-content\/uploads\/2022\/05\/primordios-300x169.jpeg\" alt=\"\" width=\"458\" height=\"258\" srcset=\"https:\/\/www.cdiluzdovegetal.com.br\/wp-content\/uploads\/2022\/05\/primordios-300x169.jpeg 300w, https:\/\/www.cdiluzdovegetal.com.br\/wp-content\/uploads\/2022\/05\/primordios-768x432.jpeg 768w, https:\/\/www.cdiluzdovegetal.com.br\/wp-content\/uploads\/2022\/05\/primordios-1024x576.jpeg 1024w, https:\/\/www.cdiluzdovegetal.com.br\/wp-content\/uploads\/2022\/05\/primordios-920x517.jpeg 920w, https:\/\/www.cdiluzdovegetal.com.br\/wp-content\/uploads\/2022\/05\/primordios-230x129.jpeg 230w, https:\/\/www.cdiluzdovegetal.com.br\/wp-content\/uploads\/2022\/05\/primordios-350x197.jpeg 350w, https:\/\/www.cdiluzdovegetal.com.br\/wp-content\/uploads\/2022\/05\/primordios-480x270.jpeg 480w, https:\/\/www.cdiluzdovegetal.com.br\/wp-content\/uploads\/2022\/05\/primordios.jpeg 1599w\" sizes=\"auto, (max-width: 458px) 100vw, 458px\" \/><\/a>No fim de semana de 24 de dezembro de 1991, na atual sede campestre do Spa\u00e7o Sollua, em Ara\u00e7ariguama, reuniram-se diversas pessoas interessadas no autoconhecimento para iniciar um preparo do Vegetal, sob a coordena\u00e7\u00e3o da Mestre Elza, com o aux\u00edlio do Mestre H\u00e9lio, entre outros que j\u00e1 tinham experi\u00eancia com o Vegetal. Por\u00e9m, os demais participantes, na sua maioria, eram pessoas que ainda n\u00e3o sabiam nada a respeito do Vegetal.<\/p>\n<p style=\"text-align: justify;\">A partir daqueles memor\u00e1veis dias, iniciou-se o crescimento de um Centro que passaria por diversas mudan\u00e7as e evolu\u00e7\u00f5es, pautadas pelas necessidades das pessoas e do grupo no seu caminho de desenvolvimento.<\/p>\n<p>&nbsp;<\/p>\n<p><iframe loading=\"lazy\" width=\"1170\" height=\"658\" src=\"https:\/\/www.youtube.com\/embed\/t--r5LHsZAE?start=184&#038;feature=oembed\" frameborder=\"0\" allow=\"accelerometer; autoplay; clipboard-write; encrypted-media; gyroscope; picture-in-picture; web-share\" allowfullscreen title=\"Document\u00e1rio &quot;CDI - 30 Anos&quot;\"><\/iframe><\/p>\n<p><a href=\"https:\/\/www.cdiluzdovegetal.com.br\/wp-content\/uploads\/2022\/05\/salao-de-preparo3.jpg\"><img loading=\"lazy\" decoding=\"async\" class=\"alignnone wp-image-1662\" src=\"https:\/\/www.cdiluzdovegetal.com.br\/wp-content\/uploads\/2022\/05\/salao-de-preparo3-300x169.jpg\" alt=\"\" width=\"270\" height=\"152\" srcset=\"https:\/\/www.cdiluzdovegetal.com.br\/wp-content\/uploads\/2022\/05\/salao-de-preparo3-300x169.jpg 300w, https:\/\/www.cdiluzdovegetal.com.br\/wp-content\/uploads\/2022\/05\/salao-de-preparo3-768x432.jpg 768w, https:\/\/www.cdiluzdovegetal.com.br\/wp-content\/uploads\/2022\/05\/salao-de-preparo3-1024x576.jpg 1024w, https:\/\/www.cdiluzdovegetal.com.br\/wp-content\/uploads\/2022\/05\/salao-de-preparo3-920x517.jpg 920w, https:\/\/www.cdiluzdovegetal.com.br\/wp-content\/uploads\/2022\/05\/salao-de-preparo3-230x129.jpg 230w, https:\/\/www.cdiluzdovegetal.com.br\/wp-content\/uploads\/2022\/05\/salao-de-preparo3-350x197.jpg 350w, https:\/\/www.cdiluzdovegetal.com.br\/wp-content\/uploads\/2022\/05\/salao-de-preparo3-480x270.jpg 480w, https:\/\/www.cdiluzdovegetal.com.br\/wp-content\/uploads\/2022\/05\/salao-de-preparo3.jpg 1599w\" sizes=\"auto, (max-width: 270px) 100vw, 270px\" \/><\/a>\u00a0<a href=\"https:\/\/www.cdiluzdovegetal.com.br\/wp-content\/uploads\/2022\/05\/primordios3.jpeg\"><img loading=\"lazy\" decoding=\"async\" class=\"alignnone wp-image-1661\" src=\"https:\/\/www.cdiluzdovegetal.com.br\/wp-content\/uploads\/2022\/05\/primordios3-300x169.jpeg\" alt=\"\" width=\"270\" height=\"152\" srcset=\"https:\/\/www.cdiluzdovegetal.com.br\/wp-content\/uploads\/2022\/05\/primordios3-300x169.jpeg 300w, https:\/\/www.cdiluzdovegetal.com.br\/wp-content\/uploads\/2022\/05\/primordios3-768x432.jpeg 768w, https:\/\/www.cdiluzdovegetal.com.br\/wp-content\/uploads\/2022\/05\/primordios3-1024x576.jpeg 1024w, https:\/\/www.cdiluzdovegetal.com.br\/wp-content\/uploads\/2022\/05\/primordios3-920x517.jpeg 920w, https:\/\/www.cdiluzdovegetal.com.br\/wp-content\/uploads\/2022\/05\/primordios3-230x129.jpeg 230w, https:\/\/www.cdiluzdovegetal.com.br\/wp-content\/uploads\/2022\/05\/primordios3-350x197.jpeg 350w, https:\/\/www.cdiluzdovegetal.com.br\/wp-content\/uploads\/2022\/05\/primordios3-480x270.jpeg 480w, https:\/\/www.cdiluzdovegetal.com.br\/wp-content\/uploads\/2022\/05\/primordios3.jpeg 1599w\" sizes=\"auto, (max-width: 270px) 100vw, 270px\" \/><\/a>\u00a0<a href=\"https:\/\/www.cdiluzdovegetal.com.br\/wp-content\/uploads\/2022\/05\/obras-salao-de-preparo2.jpeg\"><img loading=\"lazy\" decoding=\"async\" class=\"alignnone wp-image-1657\" src=\"https:\/\/www.cdiluzdovegetal.com.br\/wp-content\/uploads\/2022\/05\/obras-salao-de-preparo2-300x169.jpeg\" alt=\"\" width=\"269\" height=\"152\" srcset=\"https:\/\/www.cdiluzdovegetal.com.br\/wp-content\/uploads\/2022\/05\/obras-salao-de-preparo2-300x169.jpeg 300w, https:\/\/www.cdiluzdovegetal.com.br\/wp-content\/uploads\/2022\/05\/obras-salao-de-preparo2-768x432.jpeg 768w, https:\/\/www.cdiluzdovegetal.com.br\/wp-content\/uploads\/2022\/05\/obras-salao-de-preparo2-1024x576.jpeg 1024w, https:\/\/www.cdiluzdovegetal.com.br\/wp-content\/uploads\/2022\/05\/obras-salao-de-preparo2-920x517.jpeg 920w, https:\/\/www.cdiluzdovegetal.com.br\/wp-content\/uploads\/2022\/05\/obras-salao-de-preparo2-230x129.jpeg 230w, https:\/\/www.cdiluzdovegetal.com.br\/wp-content\/uploads\/2022\/05\/obras-salao-de-preparo2-350x197.jpeg 350w, https:\/\/www.cdiluzdovegetal.com.br\/wp-content\/uploads\/2022\/05\/obras-salao-de-preparo2-480x270.jpeg 480w, https:\/\/www.cdiluzdovegetal.com.br\/wp-content\/uploads\/2022\/05\/obras-salao-de-preparo2.jpeg 1599w\" sizes=\"auto, (max-width: 269px) 100vw, 269px\" \/>\u00a0<\/a><a href=\"https:\/\/www.cdiluzdovegetal.com.br\/wp-content\/uploads\/2022\/05\/obras-salao-de-preparo.jpeg\"><img loading=\"lazy\" decoding=\"async\" class=\"alignnone wp-image-1656\" src=\"https:\/\/www.cdiluzdovegetal.com.br\/wp-content\/uploads\/2022\/05\/obras-salao-de-preparo-300x169.jpeg\" alt=\"\" width=\"270\" height=\"152\" srcset=\"https:\/\/www.cdiluzdovegetal.com.br\/wp-content\/uploads\/2022\/05\/obras-salao-de-preparo-300x169.jpeg 300w, https:\/\/www.cdiluzdovegetal.com.br\/wp-content\/uploads\/2022\/05\/obras-salao-de-preparo-768x432.jpeg 768w, https:\/\/www.cdiluzdovegetal.com.br\/wp-content\/uploads\/2022\/05\/obras-salao-de-preparo-1024x576.jpeg 1024w, https:\/\/www.cdiluzdovegetal.com.br\/wp-content\/uploads\/2022\/05\/obras-salao-de-preparo-920x517.jpeg 920w, https:\/\/www.cdiluzdovegetal.com.br\/wp-content\/uploads\/2022\/05\/obras-salao-de-preparo-230x129.jpeg 230w, https:\/\/www.cdiluzdovegetal.com.br\/wp-content\/uploads\/2022\/05\/obras-salao-de-preparo-350x197.jpeg 350w, https:\/\/www.cdiluzdovegetal.com.br\/wp-content\/uploads\/2022\/05\/obras-salao-de-preparo-480x270.jpeg 480w, https:\/\/www.cdiluzdovegetal.com.br\/wp-content\/uploads\/2022\/05\/obras-salao-de-preparo.jpeg 1599w\" sizes=\"auto, (max-width: 270px) 100vw, 270px\" \/><\/a><\/p>\n","protected":false},"excerpt":{"rendered":"<p>\u00a0\u00a0No fim de semana de 24 de dezembro de 1991, na atual sede campestre do Spa\u00e7o Sollua, em Ara\u00e7ariguama, reuniram-se diversas pessoas [&hellip;]<\/p>\n","protected":false},"author":1,"featured_media":1596,"parent":0,"menu_order":0,"comment_status":"open","ping_status":"open","template":"page-templates\/page_fullwidth.php","meta":{"footnotes":""},"class_list":["post-55","page","type-page","status-publish","has-post-thumbnail","hentry"],"_links":{"self":[{"href":"https:\/\/www.cdiluzdovegetal.com.br\/index.php?rest_route=\/wp\/v2\/pages\/55","targetHints":{"allow":["GET"]}}],"collection":[{"href":"https:\/\/www.cdiluzdovegetal.com.br\/index.php?rest_route=\/wp\/v2\/pages"}],"about":[{"href":"https:\/\/www.cdiluzdovegetal.com.br\/index.php?rest_route=\/wp\/v2\/types\/page"}],"author":[{"embeddable":true,"href":"https:\/\/www.cdiluzdovegetal.com.br\/index.php?rest_route=\/wp\/v2\/users\/1"}],"replies":[{"embeddable":true,"href":"https:\/\/www.cdiluzdovegetal.com.br\/index.php?rest_route=%2Fwp%2Fv2%2Fcomments&post=55"}],"version-history":[{"count":12,"href":"https:\/\/www.cdiluzdovegetal.com.br\/index.php?rest_route=\/wp\/v2\/pages\/55\/revisions"}],"predecessor-version":[{"id":1814,"href":"https:\/\/www.cdiluzdovegetal.com.br\/index.php?rest_route=\/wp\/v2\/pages\/55\/revisions\/1814"}],"wp:featuredmedia":[{"embeddable":true,"href":"https:\/\/www.cdiluzdovegetal.com.br\/index.php?rest_route=\/wp\/v2\/media\/1596"}],"wp:attachment":[{"href":"https:\/\/www.cdiluzdovegetal.com.br\/index.php?rest_route=%2Fwp%2Fv2%2Fmedia&parent=55"}],"curies":[{"name":"wp","href":"https:\/\/api.w.org\/{rel}","templated":true}]}}