{"id":641,"date":"2012-06-05T21:10:18","date_gmt":"2012-06-06T00:10:18","guid":{"rendered":"http:\/\/www.luzdovegetal.com.br\/?page_id=641"},"modified":"2025-03-01T01:36:54","modified_gmt":"2025-03-01T01:36:54","slug":"corpo-do-conselho","status":"publish","type":"page","link":"https:\/\/www.cdiluzdovegetal.com.br\/?page_id=641","title":{"rendered":"Corpo do Conselho"},"content":{"rendered":"<p><em>Os membros do Corpo do Conselho t\u00eam como principal fun\u00e7\u00e3o auxiliar o Mestre Dirigente e o Mestre Representante, quando necess\u00e1rio, no atendimento e aconselhamento dos irm\u00e3os durante as Sess\u00f5es ou fora delas. S\u00e3o eles<\/em><\/p>\n<ol>\n<li>Ant\u00f4nio Paulo Bozoli<\/li>\n<li>Cristina Jimenes Cleto<\/li>\n<li>Diego Bechara<\/li>\n<li>Floriswaldo dos Santos<\/li>\n<li>Francisco de Assis Gomes da Silva<\/li>\n<li>Guilherme Barros<\/li>\n<li>Ivana Scotelari<\/li>\n<li>Jana\u00edna Piacentini<\/li>\n<li>Kenia Piacentini<\/li>\n<li>Lidiana\u00a0 Almeida<\/li>\n<li>M\u00e1rcio Feliciano<\/li>\n<li>Marco Antonio Aguillera<\/li>\n<li>Maria Cristina Desid\u00e9rio<\/li>\n<li>Patr\u00edcia Zerino Aguillera<\/li>\n<li>Rafael Arag\u00e3o<\/li>\n<li>Raul Gomes Figueiredo<\/li>\n<li>Ruy Luis de Andrade Cleto<\/li>\n<li>S\u00e9rgio Fl\u00e1vio Barbosa<\/li>\n<li>S\u00e9rgio Longo Jr<\/li>\n<li>Sergio Ricardo Francisco Ferreira<\/li>\n<li>Zelinda Paschoalick<\/li>\n<\/ol>\n","protected":false},"excerpt":{"rendered":"<p>Os membros do Corpo do Conselho t\u00eam como principal fun\u00e7\u00e3o auxiliar o Mestre Dirigente e o Mestre Representante, quando necess\u00e1rio, no atendimento [&hellip;]<\/p>\n","protected":false},"author":1,"featured_media":0,"parent":0,"menu_order":0,"comment_status":"closed","ping_status":"open","template":"","meta":{"footnotes":""},"class_list":["post-641","page","type-page","status-publish","hentry"],"_links":{"self":[{"href":"https:\/\/www.cdiluzdovegetal.com.br\/index.php?rest_route=\/wp\/v2\/pages\/641","targetHints":{"allow":["GET"]}}],"collection":[{"href":"https:\/\/www.cdiluzdovegetal.com.br\/index.php?rest_route=\/wp\/v2\/pages"}],"about":[{"href":"https:\/\/www.cdiluzdovegetal.com.br\/index.php?rest_route=\/wp\/v2\/types\/page"}],"author":[{"embeddable":true,"href":"https:\/\/www.cdiluzdovegetal.com.br\/index.php?rest_route=\/wp\/v2\/users\/1"}],"replies":[{"embeddable":true,"href":"https:\/\/www.cdiluzdovegetal.com.br\/index.php?rest_route=%2Fwp%2Fv2%2Fcomments&post=641"}],"version-history":[{"count":15,"href":"https:\/\/www.cdiluzdovegetal.com.br\/index.php?rest_route=\/wp\/v2\/pages\/641\/revisions"}],"predecessor-version":[{"id":1928,"href":"https:\/\/www.cdiluzdovegetal.com.br\/index.php?rest_route=\/wp\/v2\/pages\/641\/revisions\/1928"}],"wp:attachment":[{"href":"https:\/\/www.cdiluzdovegetal.com.br\/index.php?rest_route=%2Fwp%2Fv2%2Fmedia&parent=641"}],"curies":[{"name":"wp","href":"https:\/\/api.w.org\/{rel}","templated":true}]}}