{"id":75,"date":"2011-07-09T20:49:23","date_gmt":"2011-07-09T20:49:23","guid":{"rendered":"http:\/\/www.agenciaterra.com\/clientes\/ldv\/?page_id=75"},"modified":"2022-05-21T17:44:02","modified_gmt":"2022-05-21T17:44:02","slug":"oga-do-terreiro-de-chica-macaxeira","status":"publish","type":"page","link":"https:\/\/www.cdiluzdovegetal.com.br\/?page_id=75","title":{"rendered":"Og\u00e3"},"content":{"rendered":"<p style=\"text-align: justify;\">\u00a0<a href=\"https:\/\/www.cdiluzdovegetal.com.br\/wp-content\/uploads\/2011\/07\/Mestre_Gabriel.jpg\"><img loading=\"lazy\" decoding=\"async\" class=\"wp-image-933 alignleft\" src=\"https:\/\/www.cdiluzdovegetal.com.br\/wp-content\/uploads\/2011\/07\/Mestre_Gabriel-196x300.jpg\" alt=\"Mestre_Gabriel\" width=\"219\" height=\"335\" srcset=\"https:\/\/www.cdiluzdovegetal.com.br\/wp-content\/uploads\/2011\/07\/Mestre_Gabriel-196x300.jpg 196w, https:\/\/www.cdiluzdovegetal.com.br\/wp-content\/uploads\/2011\/07\/Mestre_Gabriel-668x1024.jpg 668w, https:\/\/www.cdiluzdovegetal.com.br\/wp-content\/uploads\/2011\/07\/Mestre_Gabriel.jpg 1029w\" sizes=\"auto, (max-width: 219px) 100vw, 219px\" \/><\/a>Depois de trabalhar um tempo no seringal, Jos\u00e9 Gabriel muda-se para Porto Velho, onde fica trabalhando como servidor p\u00fablico, enfermeiro no Hospital S\u00e3o Jos\u00e9. Conhece, em 1946, Raimunda Ferreira, chamada Pequenina, com quem se casa no ano seguinte. Em Porto Velho, &#8220;Seu&#8221; Gabriel atendia pessoas em sua casa, pois jogava b\u00fazios.<\/p>\n<p style=\"text-align: justify;\">Mais tarde, se torna Og\u00e3 e Pai do Terreiro de S\u00e3o Benedito, de M\u00e3e Chica Macaxeira. Esse terreiro foi citado por Nunes Pereira, que o visitou, possivelmente em meados da d\u00e9cada de 60 ou no in\u00edcio dos anos 70. O pesquisador maranhense reconhece o terreiro de Porto Velho como sendo da tradi\u00e7\u00e3o mina-jeje, oriundo da Casa das Minas. &#8220;Os toques, inegavelmente, tinham a r\u00edtmica que me era familiar n\u00e3o s\u00f3 da Casa das Minas, de S\u00e3o Lu\u00eds do Maranh\u00e3o, como do Bogum de M\u00e3e Valentina, em Salvador, Estado da Bahia.&#8221;<\/p>\n<p style=\"text-align: justify;\">\u00c9 surpreendente descobrir que Nunes Pereira encontrou no Terreiro de Chica Macaxeira uma &#8220;inova\u00e7\u00e3o no ritual mina-jeje, o uso da ayahuasca. E isso, sem d\u00favida, para estimular, paralelamente, com os c\u00e2nticos rituais e com a voz sagrada dos tambores, og\u00e3s e g\u00f4s, o estado de transe, a possess\u00e3o que ligam os Voduns do pante\u00e3o daomeano ou do ioruba \u00e0s gonjais e noviches que o cultuam&#8221;.<\/p>\n<p style=\"text-align: justify;\">Ora, no tempo em que Jos\u00e9 Gabriel l\u00e1 trabalhava como Og\u00e3, n\u00e3o havia utiliza\u00e7\u00e3o da ayahuasca no culto, tanto que ele somente viria a conhecer a bebida anos depois, no seringal. Assim, \u00e9 leg\u00edtimo deduzir que a M\u00e3e-de-Terreiro Chica Macaxeira conheceu a ayahuasca atrav\u00e9s de seu antigo Og\u00e3 e Pai-de-Terreiro Jos\u00e9 Gabriel.<\/p>\n<p style=\"text-align: justify;\">Quando Nunes Pereira visitou o terreiro, o conjunto dos c\u00e2nticos era l\u00e1 denominado Doutrina da Ayahuasca. &#8220;Nomes de santos cat\u00f3licos, nalguns desses c\u00e2nticos, se misturaram com os dos Voduns mina-jejes, tais como Xang\u00f4, Bad\u00e9, Av\u00ear\u00eaqu\u00eate, e os ditos Bar\u00e3o de Gor\u00e9, Sult\u00e3o das Matas, Marangal\u00e1, Jat\u00eapequare, Tinda-rer\u00ea, etc.&#8221; \u00c9 significativo que nos anos 60 ou 70 haja a presen\u00e7a do Sult\u00e3o das Matas na lista das entidades do terreiro, j\u00e1 que, como se ver\u00e1 adiante, Jos\u00e9 Gabriel &#8220;recebia&#8221; esse caboclo quando trabalhava num terreiro que armou no seringal, nos anos 50.<\/p>\n<p><a title=\"Seringueiro\" href=\"https:\/\/www.cdiluzdovegetal.com.br\/?page_id=72\">Pr\u00f3xima p\u00e1gina -&gt;<\/a><\/p>\n","protected":false},"excerpt":{"rendered":"<p>\u00a0Depois de trabalhar um tempo no seringal, Jos\u00e9 Gabriel muda-se para Porto Velho, onde fica trabalhando como servidor p\u00fablico, enfermeiro no Hospital [&hellip;]<\/p>\n","protected":false},"author":1,"featured_media":0,"parent":58,"menu_order":0,"comment_status":"open","ping_status":"open","template":"page-templates\/page_fullwidth.php","meta":{"footnotes":""},"class_list":["post-75","page","type-page","status-publish","hentry"],"_links":{"self":[{"href":"https:\/\/www.cdiluzdovegetal.com.br\/index.php?rest_route=\/wp\/v2\/pages\/75","targetHints":{"allow":["GET"]}}],"collection":[{"href":"https:\/\/www.cdiluzdovegetal.com.br\/index.php?rest_route=\/wp\/v2\/pages"}],"about":[{"href":"https:\/\/www.cdiluzdovegetal.com.br\/index.php?rest_route=\/wp\/v2\/types\/page"}],"author":[{"embeddable":true,"href":"https:\/\/www.cdiluzdovegetal.com.br\/index.php?rest_route=\/wp\/v2\/users\/1"}],"replies":[{"embeddable":true,"href":"https:\/\/www.cdiluzdovegetal.com.br\/index.php?rest_route=%2Fwp%2Fv2%2Fcomments&post=75"}],"version-history":[{"count":6,"href":"https:\/\/www.cdiluzdovegetal.com.br\/index.php?rest_route=\/wp\/v2\/pages\/75\/revisions"}],"predecessor-version":[{"id":1720,"href":"https:\/\/www.cdiluzdovegetal.com.br\/index.php?rest_route=\/wp\/v2\/pages\/75\/revisions\/1720"}],"up":[{"embeddable":true,"href":"https:\/\/www.cdiluzdovegetal.com.br\/index.php?rest_route=\/wp\/v2\/pages\/58"}],"wp:attachment":[{"href":"https:\/\/www.cdiluzdovegetal.com.br\/index.php?rest_route=%2Fwp%2Fv2%2Fmedia&parent=75"}],"curies":[{"name":"wp","href":"https:\/\/api.w.org\/{rel}","templated":true}]}}