{"id":825,"date":"2014-11-20T16:47:28","date_gmt":"2014-11-20T18:47:28","guid":{"rendered":"http:\/\/www.luzdovegetal.com.br\/?page_id=825"},"modified":"2022-05-21T16:15:21","modified_gmt":"2022-05-21T16:15:21","slug":"farmacologia","status":"publish","type":"page","link":"https:\/\/www.cdiluzdovegetal.com.br\/?page_id=825","title":{"rendered":"Farmacologia"},"content":{"rendered":"<p><a href=\"https:\/\/www.cdiluzdovegetal.com.br\/wp-content\/uploads\/2014\/11\/mariri.jpg\"><img loading=\"lazy\" decoding=\"async\" class=\"alignleft wp-image-965 size-medium\" src=\"https:\/\/www.cdiluzdovegetal.com.br\/wp-content\/uploads\/2014\/11\/mariri-300x214.jpg\" alt=\"mariri\" width=\"300\" height=\"214\" srcset=\"https:\/\/www.cdiluzdovegetal.com.br\/wp-content\/uploads\/2014\/11\/mariri-300x214.jpg 300w, https:\/\/www.cdiluzdovegetal.com.br\/wp-content\/uploads\/2014\/11\/mariri.jpg 350w\" sizes=\"auto, (max-width: 300px) 100vw, 300px\" \/><\/a>O Ch\u00e1, denominado Vegetal, \u00e9 obtido pelo cozimento (decoc\u00e7\u00e3o), em \u00e1gua pura e limpa de duas plantas: o caule macerado de um cip\u00f3 denominado Mariri (Banisteriopsis Caapi) e as folhas limpas de um arbusto denominado Chacrona (Psycotria Viridis).<\/p>\n<p>As principais subst\u00e2ncias psicoativas encontradas nessas plantas s\u00e3o: Harmina, a Harmalina e a Tetra-hidro-harmalina e N,N Dimetiltriptamina.<\/p>\n<p>As subst\u00e2ncias encontradas no Vegetal agem principalmente na amplia\u00e7\u00e3o dos receptores de serotonina, um neurotransmissor respons\u00e1vel pela conex\u00e3o, ou seja, pela comunica\u00e7\u00e3o entre os neur\u00f4nios.<\/p>\n<p>Os efeitos t\u00eam car\u00e1ter agudo e prolongado caracterizado por um estado alterado de consci\u00eancia, agu\u00e7ando a percep\u00e7\u00e3o de si pr\u00f3prio e dos outros, estimulando a mem\u00f3ria, provocando bem-estar, amorosidade, entre outros benef\u00edcios.<\/p>\n","protected":false},"excerpt":{"rendered":"<p>O Ch\u00e1, denominado Vegetal, \u00e9 obtido pelo cozimento (decoc\u00e7\u00e3o), em \u00e1gua pura e limpa de duas plantas: o caule macerado de um [&hellip;]<\/p>\n","protected":false},"author":1,"featured_media":0,"parent":0,"menu_order":0,"comment_status":"open","ping_status":"open","template":"page-templates\/page_fullwidth.php","meta":{"footnotes":""},"class_list":["post-825","page","type-page","status-publish","hentry"],"_links":{"self":[{"href":"https:\/\/www.cdiluzdovegetal.com.br\/index.php?rest_route=\/wp\/v2\/pages\/825","targetHints":{"allow":["GET"]}}],"collection":[{"href":"https:\/\/www.cdiluzdovegetal.com.br\/index.php?rest_route=\/wp\/v2\/pages"}],"about":[{"href":"https:\/\/www.cdiluzdovegetal.com.br\/index.php?rest_route=\/wp\/v2\/types\/page"}],"author":[{"embeddable":true,"href":"https:\/\/www.cdiluzdovegetal.com.br\/index.php?rest_route=\/wp\/v2\/users\/1"}],"replies":[{"embeddable":true,"href":"https:\/\/www.cdiluzdovegetal.com.br\/index.php?rest_route=%2Fwp%2Fv2%2Fcomments&post=825"}],"version-history":[{"count":1,"href":"https:\/\/www.cdiluzdovegetal.com.br\/index.php?rest_route=\/wp\/v2\/pages\/825\/revisions"}],"predecessor-version":[{"id":966,"href":"https:\/\/www.cdiluzdovegetal.com.br\/index.php?rest_route=\/wp\/v2\/pages\/825\/revisions\/966"}],"wp:attachment":[{"href":"https:\/\/www.cdiluzdovegetal.com.br\/index.php?rest_route=%2Fwp%2Fv2%2Fmedia&parent=825"}],"curies":[{"name":"wp","href":"https:\/\/api.w.org\/{rel}","templated":true}]}}