{"id":831,"date":"2014-11-20T16:52:36","date_gmt":"2014-11-20T18:52:36","guid":{"rendered":"http:\/\/www.luzdovegetal.com.br\/?page_id=831"},"modified":"2022-05-21T16:16:40","modified_gmt":"2022-05-21T16:16:40","slug":"espiritual","status":"publish","type":"page","link":"https:\/\/www.cdiluzdovegetal.com.br\/?page_id=831","title":{"rendered":"Espiritual"},"content":{"rendered":"<p><a href=\"https:\/\/www.cdiluzdovegetal.com.br\/wp-content\/uploads\/2014\/11\/8536.jpg\"><img loading=\"lazy\" decoding=\"async\" class=\"alignleft wp-image-969 \" src=\"https:\/\/www.cdiluzdovegetal.com.br\/wp-content\/uploads\/2014\/11\/8536-150x150.jpg\" alt=\"8536\" width=\"185\" height=\"185\" srcset=\"https:\/\/www.cdiluzdovegetal.com.br\/wp-content\/uploads\/2014\/11\/8536-150x150.jpg 150w, https:\/\/www.cdiluzdovegetal.com.br\/wp-content\/uploads\/2014\/11\/8536-300x300.jpg 300w, https:\/\/www.cdiluzdovegetal.com.br\/wp-content\/uploads\/2014\/11\/8536.jpg 600w\" sizes=\"auto, (max-width: 185px) 100vw, 185px\" \/><\/a>Os efeitos do ritual e seu direcionamento t\u00eam trazido a conscientiza\u00e7\u00e3o ao ser humano de sua natureza essencialmente espiritual, possibilitando experi\u00eancias intensas e plenamente conscientes relacionadas a uma maior compreens\u00e3o de quem realmente somos.<\/p>\n","protected":false},"excerpt":{"rendered":"<p>Os efeitos do ritual e seu direcionamento t\u00eam trazido a conscientiza\u00e7\u00e3o ao ser humano de sua natureza essencialmente espiritual, possibilitando experi\u00eancias intensas [&hellip;]<\/p>\n","protected":false},"author":1,"featured_media":0,"parent":0,"menu_order":0,"comment_status":"open","ping_status":"open","template":"page-templates\/page_fullwidth.php","meta":{"footnotes":""},"class_list":["post-831","page","type-page","status-publish","hentry"],"_links":{"self":[{"href":"https:\/\/www.cdiluzdovegetal.com.br\/index.php?rest_route=\/wp\/v2\/pages\/831","targetHints":{"allow":["GET"]}}],"collection":[{"href":"https:\/\/www.cdiluzdovegetal.com.br\/index.php?rest_route=\/wp\/v2\/pages"}],"about":[{"href":"https:\/\/www.cdiluzdovegetal.com.br\/index.php?rest_route=\/wp\/v2\/types\/page"}],"author":[{"embeddable":true,"href":"https:\/\/www.cdiluzdovegetal.com.br\/index.php?rest_route=\/wp\/v2\/users\/1"}],"replies":[{"embeddable":true,"href":"https:\/\/www.cdiluzdovegetal.com.br\/index.php?rest_route=%2Fwp%2Fv2%2Fcomments&post=831"}],"version-history":[{"count":2,"href":"https:\/\/www.cdiluzdovegetal.com.br\/index.php?rest_route=\/wp\/v2\/pages\/831\/revisions"}],"predecessor-version":[{"id":1684,"href":"https:\/\/www.cdiluzdovegetal.com.br\/index.php?rest_route=\/wp\/v2\/pages\/831\/revisions\/1684"}],"wp:attachment":[{"href":"https:\/\/www.cdiluzdovegetal.com.br\/index.php?rest_route=%2Fwp%2Fv2%2Fmedia&parent=831"}],"curies":[{"name":"wp","href":"https:\/\/api.w.org\/{rel}","templated":true}]}}