{"id":96,"date":"2011-07-09T21:04:13","date_gmt":"2011-07-09T21:04:13","guid":{"rendered":"http:\/\/www.agenciaterra.com\/clientes\/ldv\/?page_id=96"},"modified":"2022-05-21T19:11:36","modified_gmt":"2022-05-21T19:11:36","slug":"contato","status":"publish","type":"page","link":"https:\/\/www.cdiluzdovegetal.com.br\/?page_id=96","title":{"rendered":"CONTATO"},"content":{"rendered":"<p><a href=\"https:\/\/www.cdiluzdovegetal.com.br\/wp-content\/uploads\/2022\/05\/246808585_419269256237219_7593650425452196753_n-e1646312973204-300x85.jpg\"><img loading=\"lazy\" decoding=\"async\" class=\"alignnone size-full wp-image-1681\" src=\"https:\/\/www.cdiluzdovegetal.com.br\/wp-content\/uploads\/2022\/05\/246808585_419269256237219_7593650425452196753_n-e1646312973204-300x85.jpg\" alt=\"\" width=\"272\" height=\"150\" srcset=\"https:\/\/www.cdiluzdovegetal.com.br\/wp-content\/uploads\/2022\/05\/246808585_419269256237219_7593650425452196753_n-e1646312973204-300x85.jpg 272w, https:\/\/www.cdiluzdovegetal.com.br\/wp-content\/uploads\/2022\/05\/246808585_419269256237219_7593650425452196753_n-e1646312973204-300x85-230x127.jpg 230w\" sizes=\"auto, (max-width: 272px) 100vw, 272px\" \/><\/a><\/p>\n<p>Se voc\u00ea se interessou em conhecer nosso grupo, envie um email, incluindo seu n\u00famero de celular, pelo formul\u00e1rio abaixo. Entraremos em contato para mais informa\u00e7\u00f5es. Gratid\u00e3o!<\/p>\n<p>Nome *\u00a0<input id=\"contact_name\" class=\"text_input\" tabindex=\"21\" name=\"contact_name\" required=\"required\" size=\"22\" type=\"text\" value=\"\" \/><\/p>\n<form class=\"contact_form\" action=\"https:\/\/www.cdiluzdovegetal.com.br\/wp-content\/themes\/striking\/includes\/sendmail.php\" method=\"post\" novalidate=\"novalidate\">Email *\u00a0<input id=\"contact_email\" class=\"text_input\" tabindex=\"22\" name=\"contact_email\" required=\"required\" size=\"22\" type=\"email\" value=\"\" \/><\/p>\n<\/form>\n<p>Mensagem:<textarea class=\"textarea\" tabindex=\"23\" cols=\"30\" name=\"contact_content\" required=\"required\" rows=\"5\"><\/textarea><br \/>\n<button class=\"button white\" style=\"background-color: #f1ccff;\" type=\"submit\"><span style=\"color: #002a85;\">Enviar<\/span><\/button><\/p>\n","protected":false},"excerpt":{"rendered":"<p>Se voc\u00ea se interessou em conhecer nosso grupo, envie um email, incluindo seu n\u00famero de celular, pelo formul\u00e1rio abaixo. Entraremos em contato [&hellip;]<\/p>\n","protected":false},"author":1,"featured_media":6,"parent":0,"menu_order":0,"comment_status":"open","ping_status":"open","template":"","meta":{"footnotes":""},"class_list":["post-96","page","type-page","status-publish","has-post-thumbnail","hentry"],"_links":{"self":[{"href":"https:\/\/www.cdiluzdovegetal.com.br\/index.php?rest_route=\/wp\/v2\/pages\/96","targetHints":{"allow":["GET"]}}],"collection":[{"href":"https:\/\/www.cdiluzdovegetal.com.br\/index.php?rest_route=\/wp\/v2\/pages"}],"about":[{"href":"https:\/\/www.cdiluzdovegetal.com.br\/index.php?rest_route=\/wp\/v2\/types\/page"}],"author":[{"embeddable":true,"href":"https:\/\/www.cdiluzdovegetal.com.br\/index.php?rest_route=\/wp\/v2\/users\/1"}],"replies":[{"embeddable":true,"href":"https:\/\/www.cdiluzdovegetal.com.br\/index.php?rest_route=%2Fwp%2Fv2%2Fcomments&post=96"}],"version-history":[{"count":66,"href":"https:\/\/www.cdiluzdovegetal.com.br\/index.php?rest_route=\/wp\/v2\/pages\/96\/revisions"}],"predecessor-version":[{"id":1550,"href":"https:\/\/www.cdiluzdovegetal.com.br\/index.php?rest_route=\/wp\/v2\/pages\/96\/revisions\/1550"}],"wp:featuredmedia":[{"embeddable":true,"href":"https:\/\/www.cdiluzdovegetal.com.br\/index.php?rest_route=\/wp\/v2\/media\/6"}],"wp:attachment":[{"href":"https:\/\/www.cdiluzdovegetal.com.br\/index.php?rest_route=%2Fwp%2Fv2%2Fmedia&parent=96"}],"curies":[{"name":"wp","href":"https:\/\/api.w.org\/{rel}","templated":true}]}}